{"id":384,"date":"2025-12-21T20:22:26","date_gmt":"2025-12-21T20:22:26","guid":{"rendered":"https:\/\/mega-era.ch\/?page_id=384"},"modified":"2026-01-15T14:19:48","modified_gmt":"2026-01-15T14:19:48","slug":"faqs","status":"publish","type":"page","link":"https:\/\/mega-era.ch\/es\/faqs\/","title":{"rendered":"Preguntas frecuentes"},"content":{"rendered":"<div data-elementor-type=\"wp-page\" data-elementor-id=\"384\" class=\"elementor elementor-384\" data-elementor-post-type=\"page\">\n\t\t\t\t\t\t<section class=\"elementor-section elementor-top-section elementor-element elementor-element-8f78eca elementor-section-boxed elementor-section-height-default elementor-section-height-default\" data-id=\"8f78eca\" data-element_type=\"section\" data-settings=\"{&quot;background_background&quot;:&quot;classic&quot;}\">\n\t\t\t\t\t\t\t<div class=\"elementor-background-overlay\"><\/div>\n\t\t\t\t\t\t\t<div class=\"elementor-container elementor-column-gap-default\">\n\t\t\t\t\t<div class=\"elementor-column elementor-col-100 elementor-top-column elementor-element elementor-element-6097d973\" data-id=\"6097d973\" data-element_type=\"column\">\n\t\t\t<div class=\"elementor-widget-wrap elementor-element-populated\">\n\t\t\t\t\t\t<div class=\"elementor-element elementor-element-6066e633 elementor-widget__width-auto elementor-absolute elementor-widget-tablet__width-initial elementor-widget-mobile__width-initial elementor-widget elementor-widget-image\" data-id=\"6066e633\" data-element_type=\"widget\" data-settings=\"{&quot;_position&quot;:&quot;absolute&quot;}\" data-widget_type=\"image.default\">\n\t\t\t\t\t\t\t\t\t\t\t\t\t\t\t<img decoding=\"async\" width=\"352\" height=\"24\" src=\"https:\/\/mega-era.ch\/wp-content\/uploads\/2025\/12\/Picture4.png\" class=\"attachment-large size-large wp-image-82\" alt=\"\" srcset=\"https:\/\/mega-era.ch\/wp-content\/uploads\/2025\/12\/Picture4.png 352w, https:\/\/mega-era.ch\/wp-content\/uploads\/2025\/12\/Picture4-300x20.png 300w\" sizes=\"(max-width: 352px) 100vw, 352px\" \/>\t\t\t\t\t\t\t\t\t\t\t\t\t\t\t<\/div>\n\t\t\t\t<div class=\"elementor-element elementor-element-3c07c170 elementor-widget elementor-widget-heading\" data-id=\"3c07c170\" data-element_type=\"widget\" data-widget_type=\"heading.default\">\n\t\t\t\t\t<h1 class=\"elementor-heading-title elementor-size-default\">Preguntas y respuestas<\/h1>\t\t\t\t<\/div>\n\t\t\t\t<div class=\"elementor-element elementor-element-1bed5943 elementor-widget elementor-widget-text-editor\" data-id=\"1bed5943\" data-element_type=\"widget\" data-widget_type=\"text-editor.default\">\n\t\t\t\t\t\t\t\t\t<p>Estas son algunas de las preguntas m\u00e1s frecuentes que recibimos de nuestros clientes. Si no encuentra la informaci\u00f3n que busca, no dude en ponerse en contacto con nosotros directamente.<\/p>\t\t\t\t\t\t\t\t<\/div>\n\t\t\t\t\t<\/div>\n\t\t<\/div>\n\t\t\t\t\t<\/div>\n\t\t<\/section>\n\t\t\t\t<section class=\"elementor-section elementor-top-section elementor-element elementor-element-151bea87 elementor-section-boxed elementor-section-height-default elementor-section-height-default\" data-id=\"151bea87\" data-element_type=\"section\">\n\t\t\t\t\t\t<div class=\"elementor-container elementor-column-gap-default\">\n\t\t\t\t\t<div class=\"elementor-column elementor-col-100 elementor-top-column elementor-element elementor-element-45a3bc0f\" data-id=\"45a3bc0f\" data-element_type=\"column\">\n\t\t\t<div class=\"elementor-widget-wrap elementor-element-populated\">\n\t\t\t\t\t\t<div class=\"elementor-element elementor-element-2b6aab55 elementor-widget elementor-widget-elementskit-accordion\" data-id=\"2b6aab55\" data-element_type=\"widget\" data-widget_type=\"elementskit-accordion.default\">\n\t\t\t\t\t<div class=\"ekit-wid-con\" >\n        <div class=\"elementskit-accordion accoedion-primary\" id=\"accordion-69e7385e5ed45\">\n\n            \n                <div class=\"elementskit-card active\">\n                    <div class=\"elementskit-card-header\" id=\"primaryHeading-0-2b6aab55\">\n                        <a href=\"#collapse-6fed72d69e7385e5ed45\" class=\"ekit-accordion--toggler elementskit-btn-link collapsed\" data-ekit-toggle=\"collapse\" data-target=\"#Collapse-6fed72d69e7385e5ed45\" aria-expanded=\"true\" aria-controls=\"Collapse-6fed72d69e7385e5ed45\">\n                            \n                            <span class=\"ekit-accordion-title\">\u00bfCon qu\u00e9 tipo de empresas trabaja?<\/span>\n\n                            \n                                <div class=\"ekit_accordion_icon_group\">\n                                    <div class=\"ekit_accordion_normal_icon\">\n                                        <!-- Normal Icon -->\n\t\t\t\t\t\t\t\t\t\t<i class=\"icon icon-down-arrow1\"><\/i>                                    <\/div>\n\n                                    <div class=\"ekit_accordion_active_icon\">\n                                        <!-- Active Icon -->\n\t\t\t\t\t\t\t\t\t\t<i class=\"icon icon-up-arrow\"><\/i>                                    <\/div>\n                                <\/div>\n\n                            \n                                                    <\/a>\n                    <\/div>\n\n                    <div id=\"Collapse-6fed72d69e7385e5ed45\" class=\"show collapse\" aria-labelledby=\"primaryHeading-0-2b6aab55\" data-parent=\"#accordion-69e7385e5ed45\">\n\n                        <div class=\"elementskit-card-body ekit-accordion--content\">\n                            <p>Trabajamos principalmente con peque\u00f1as y medianas empresas (PYME), nuevas empresas y asociaciones con sede en Suiza. Nuestras soluciones se adaptan al tama\u00f1o de la empresa, el sector y el presupuesto.<\/p>                        <\/div>\n\n                    <\/div>\n\n                <\/div><!-- .elementskit-card END -->\n\n                \n                <div class=\"elementskit-card\">\n                    <div class=\"elementskit-card-header\" id=\"primaryHeading-1-2b6aab55\">\n                        <a href=\"#collapse-3de663669e7385e5ed45\" class=\"ekit-accordion--toggler elementskit-btn-link collapsed\" data-ekit-toggle=\"collapse\" data-target=\"#Collapse-3de663669e7385e5ed45\" aria-expanded=\"false\" aria-controls=\"Collapse-3de663669e7385e5ed45\">\n                            \n                            <span class=\"ekit-accordion-title\">\u00bfTiene su sede en Suiza?<\/span>\n\n                            \n                                <div class=\"ekit_accordion_icon_group\">\n                                    <div class=\"ekit_accordion_normal_icon\">\n                                        <!-- Normal Icon -->\n\t\t\t\t\t\t\t\t\t\t<i class=\"icon icon-down-arrow1\"><\/i>                                    <\/div>\n\n                                    <div class=\"ekit_accordion_active_icon\">\n                                        <!-- Active Icon -->\n\t\t\t\t\t\t\t\t\t\t<i class=\"icon icon-up-arrow\"><\/i>                                    <\/div>\n                                <\/div>\n\n                            \n                                                    <\/a>\n                    <\/div>\n\n                    <div id=\"Collapse-3de663669e7385e5ed45\" class=\"collapse\" aria-labelledby=\"primaryHeading-1-2b6aab55\" data-parent=\"#accordion-69e7385e5ed45\">\n\n                        <div class=\"elementskit-card-body ekit-accordion--content\">\n                            <p>S\u00ed. Mega-Era tiene su sede en Ginebra, Suiza. Trabajamos con clientes locales e internacionales siguiendo las normas suizas de calidad, fiabilidad y protecci\u00f3n de datos.<\/p>                        <\/div>\n\n                    <\/div>\n\n                <\/div><!-- .elementskit-card END -->\n\n                \n                <div class=\"elementskit-card\">\n                    <div class=\"elementskit-card-header\" id=\"primaryHeading-2-2b6aab55\">\n                        <a href=\"#collapse-de857f169e7385e5ed45\" class=\"ekit-accordion--toggler elementskit-btn-link collapsed\" data-ekit-toggle=\"collapse\" data-target=\"#Collapse-de857f169e7385e5ed45\" aria-expanded=\"false\" aria-controls=\"Collapse-de857f169e7385e5ed45\">\n                            \n                            <span class=\"ekit-accordion-title\">\u00bfOfrecen soluciones personalizadas o s\u00f3lo paquetes predefinidos?<\/span>\n\n                            \n                                <div class=\"ekit_accordion_icon_group\">\n                                    <div class=\"ekit_accordion_normal_icon\">\n                                        <!-- Normal Icon -->\n\t\t\t\t\t\t\t\t\t\t<i class=\"icon icon-down-arrow1\"><\/i>                                    <\/div>\n\n                                    <div class=\"ekit_accordion_active_icon\">\n                                        <!-- Active Icon -->\n\t\t\t\t\t\t\t\t\t\t<i class=\"icon icon-up-arrow\"><\/i>                                    <\/div>\n                                <\/div>\n\n                            \n                                                    <\/a>\n                    <\/div>\n\n                    <div id=\"Collapse-de857f169e7385e5ed45\" class=\"collapse\" aria-labelledby=\"primaryHeading-2-2b6aab55\" data-parent=\"#accordion-69e7385e5ed45\">\n\n                        <div class=\"elementskit-card-body ekit-accordion--content\">\n                            <p>Principalmente ofrecemos soluciones personalizadas adaptadas a las necesidades de cada cliente. Tras entender sus requisitos, le proponemos una soluci\u00f3n clara y estructurada en lugar de un paquete de talla \u00fanica.<\/p>                        <\/div>\n\n                    <\/div>\n\n                <\/div><!-- .elementskit-card END -->\n\n                \n                <div class=\"elementskit-card\">\n                    <div class=\"elementskit-card-header\" id=\"primaryHeading-3-2b6aab55\">\n                        <a href=\"#collapse-a47c0ce69e7385e5ed45\" class=\"ekit-accordion--toggler elementskit-btn-link collapsed\" data-ekit-toggle=\"collapse\" data-target=\"#Collapse-a47c0ce69e7385e5ed45\" aria-expanded=\"false\" aria-controls=\"Collapse-a47c0ce69e7385e5ed45\">\n                            \n                            <span class=\"ekit-accordion-title\">\u00bfPuede trabajar con sistemas o sitios web existentes?<\/span>\n\n                            \n                                <div class=\"ekit_accordion_icon_group\">\n                                    <div class=\"ekit_accordion_normal_icon\">\n                                        <!-- Normal Icon -->\n\t\t\t\t\t\t\t\t\t\t<i class=\"icon icon-down-arrow1\"><\/i>                                    <\/div>\n\n                                    <div class=\"ekit_accordion_active_icon\">\n                                        <!-- Active Icon -->\n\t\t\t\t\t\t\t\t\t\t<i class=\"icon icon-up-arrow\"><\/i>                                    <\/div>\n                                <\/div>\n\n                            \n                                                    <\/a>\n                    <\/div>\n\n                    <div id=\"Collapse-a47c0ce69e7385e5ed45\" class=\"collapse\" aria-labelledby=\"primaryHeading-3-2b6aab55\" data-parent=\"#accordion-69e7385e5ed45\">\n\n                        <div class=\"elementskit-card-body ekit-accordion--content\">\n                            <p>S\u00ed. A menudo trabajamos en sitios web, aplicaciones y sistemas existentes, mejorando su rendimiento, a\u00f1adiendo nuevas funciones, automatizando procesos o modernizando su estructura general.<\/p>                        <\/div>\n\n                    <\/div>\n\n                <\/div><!-- .elementskit-card END -->\n\n                \n                <div class=\"elementskit-card\">\n                    <div class=\"elementskit-card-header\" id=\"primaryHeading-4-2b6aab55\">\n                        <a href=\"#collapse-45c6c0e69e7385e5ed45\" class=\"ekit-accordion--toggler elementskit-btn-link collapsed\" data-ekit-toggle=\"collapse\" data-target=\"#Collapse-45c6c0e69e7385e5ed45\" aria-expanded=\"false\" aria-controls=\"Collapse-45c6c0e69e7385e5ed45\">\n                            \n                            <span class=\"ekit-accordion-title\">\u00bfC\u00f3mo gestiona los plazos de los proyectos y la comunicaci\u00f3n?<\/span>\n\n                            \n                                <div class=\"ekit_accordion_icon_group\">\n                                    <div class=\"ekit_accordion_normal_icon\">\n                                        <!-- Normal Icon -->\n\t\t\t\t\t\t\t\t\t\t<i class=\"icon icon-down-arrow1\"><\/i>                                    <\/div>\n\n                                    <div class=\"ekit_accordion_active_icon\">\n                                        <!-- Active Icon -->\n\t\t\t\t\t\t\t\t\t\t<i class=\"icon icon-up-arrow\"><\/i>                                    <\/div>\n                                <\/div>\n\n                            \n                                                    <\/a>\n                    <\/div>\n\n                    <div id=\"Collapse-45c6c0e69e7385e5ed45\" class=\"collapse\" aria-labelledby=\"primaryHeading-4-2b6aab55\" data-parent=\"#accordion-69e7385e5ed45\">\n\n                        <div class=\"elementskit-card-body ekit-accordion--content\">\n                            <p>Definimos hitos claros al principio de cada proyecto y mantenemos una comunicaci\u00f3n transparente durante todo el proceso. Los clientes reciben informaci\u00f3n peri\u00f3dica sobre los avances, los plazos y los pasos siguientes.<\/p>                        <\/div>\n\n                    <\/div>\n\n                <\/div><!-- .elementskit-card END -->\n\n                \n                <div class=\"elementskit-card\">\n                    <div class=\"elementskit-card-header\" id=\"primaryHeading-5-2b6aab55\">\n                        <a href=\"#collapse-4a2f25869e7385e5ed45\" class=\"ekit-accordion--toggler elementskit-btn-link collapsed\" data-ekit-toggle=\"collapse\" data-target=\"#Collapse-4a2f25869e7385e5ed45\" aria-expanded=\"false\" aria-controls=\"Collapse-4a2f25869e7385e5ed45\">\n                            \n                            <span class=\"ekit-accordion-title\">\u00bfPrestan apoyo continuo tras la entrega del proyecto?<\/span>\n\n                            \n                                <div class=\"ekit_accordion_icon_group\">\n                                    <div class=\"ekit_accordion_normal_icon\">\n                                        <!-- Normal Icon -->\n\t\t\t\t\t\t\t\t\t\t<i class=\"icon icon-down-arrow1\"><\/i>                                    <\/div>\n\n                                    <div class=\"ekit_accordion_active_icon\">\n                                        <!-- Active Icon -->\n\t\t\t\t\t\t\t\t\t\t<i class=\"icon icon-up-arrow\"><\/i>                                    <\/div>\n                                <\/div>\n\n                            \n                                                    <\/a>\n                    <\/div>\n\n                    <div id=\"Collapse-4a2f25869e7385e5ed45\" class=\"collapse\" aria-labelledby=\"primaryHeading-5-2b6aab55\" data-parent=\"#accordion-69e7385e5ed45\">\n\n                        <div class=\"elementskit-card-body ekit-accordion--content\">\n                            <p>S\u00ed. Ofrecemos servicios de mantenimiento, supervisi\u00f3n y asistencia para garantizar que los sistemas permanezcan seguros, estables y actualizados tras su implantaci\u00f3n.<\/p>                        <\/div>\n\n                    <\/div>\n\n                <\/div><!-- .elementskit-card END -->\n\n                \n                <div class=\"elementskit-card\">\n                    <div class=\"elementskit-card-header\" id=\"primaryHeading-6-2b6aab55\">\n                        <a href=\"#collapse-8561ae969e7385e5ed45\" class=\"ekit-accordion--toggler elementskit-btn-link collapsed\" data-ekit-toggle=\"collapse\" data-target=\"#Collapse-8561ae969e7385e5ed45\" aria-expanded=\"false\" aria-controls=\"Collapse-8561ae969e7385e5ed45\">\n                            \n                            <span class=\"ekit-accordion-title\">\u00bfC\u00f3mo gestionan la seguridad y confidencialidad de los datos?<\/span>\n\n                            \n                                <div class=\"ekit_accordion_icon_group\">\n                                    <div class=\"ekit_accordion_normal_icon\">\n                                        <!-- Normal Icon -->\n\t\t\t\t\t\t\t\t\t\t<i class=\"icon icon-down-arrow1\"><\/i>                                    <\/div>\n\n                                    <div class=\"ekit_accordion_active_icon\">\n                                        <!-- Active Icon -->\n\t\t\t\t\t\t\t\t\t\t<i class=\"icon icon-up-arrow\"><\/i>                                    <\/div>\n                                <\/div>\n\n                            \n                                                    <\/a>\n                    <\/div>\n\n                    <div id=\"Collapse-8561ae969e7385e5ed45\" class=\"collapse\" aria-labelledby=\"primaryHeading-6-2b6aab55\" data-parent=\"#accordion-69e7385e5ed45\">\n\n                        <div class=\"elementskit-card-body ekit-accordion--content\">\n                            <p>Nos tomamos muy en serio la seguridad y confidencialidad de los datos. Seguimos las mejores pr\u00e1cticas acordes con las normas suizas y europeas, y estamos dispuestos a trabajar con acuerdos de confidencialidad (NDA) cuando sea necesario.<\/p>                        <\/div>\n\n                    <\/div>\n\n                <\/div><!-- .elementskit-card END -->\n\n                \n                <div class=\"elementskit-card\">\n                    <div class=\"elementskit-card-header\" id=\"primaryHeading-7-2b6aab55\">\n                        <a href=\"#collapse-1da286069e7385e5ed45\" class=\"ekit-accordion--toggler elementskit-btn-link collapsed\" data-ekit-toggle=\"collapse\" data-target=\"#Collapse-1da286069e7385e5ed45\" aria-expanded=\"false\" aria-controls=\"Collapse-1da286069e7385e5ed45\">\n                            \n                            <span class=\"ekit-accordion-title\">\u00bfC\u00f3mo podemos iniciar un proyecto con usted?<\/span>\n\n                            \n                                <div class=\"ekit_accordion_icon_group\">\n                                    <div class=\"ekit_accordion_normal_icon\">\n                                        <!-- Normal Icon -->\n\t\t\t\t\t\t\t\t\t\t<i class=\"icon icon-down-arrow1\"><\/i>                                    <\/div>\n\n                                    <div class=\"ekit_accordion_active_icon\">\n                                        <!-- Active Icon -->\n\t\t\t\t\t\t\t\t\t\t<i class=\"icon icon-up-arrow\"><\/i>                                    <\/div>\n                                <\/div>\n\n                            \n                                                    <\/a>\n                    <\/div>\n\n                    <div id=\"Collapse-1da286069e7385e5ed45\" class=\"collapse\" aria-labelledby=\"primaryHeading-7-2b6aab55\" data-parent=\"#accordion-69e7385e5ed45\">\n\n                        <div class=\"elementskit-card-body ekit-accordion--content\">\n                            <p>Puede ponerse en contacto con nosotros a trav\u00e9s del formulario de contacto o por correo electr\u00f3nico. Revisaremos su solicitud y programaremos una conversaci\u00f3n inicial para entender sus necesidades y proponerle los siguientes pasos.<\/p>                        <\/div>\n\n                    <\/div>\n\n                <\/div><!-- .elementskit-card END -->\n\n                                        <\/div>\n    <\/div>\t\t\t\t<\/div>\n\t\t\t\t\t<\/div>\n\t\t<\/div>\n\t\t\t\t\t<\/div>\n\t\t<\/section>\n\t\t\t\t<\/div>\n\t\t\n    <div class=\"xs_social_share_widget xs_share_url after_content \t\tmain_content  wslu-style-1 wslu-share-box-shaped wslu-fill-colored wslu-none wslu-share-horizontal wslu-theme-font-no wslu-main_content\">\n\n\t\t\n        <ul>\n\t\t\t        <\/ul>\n    <\/div>","protected":false},"excerpt":{"rendered":"<p>Preguntas y respuestas Estas son algunas de las preguntas m\u00e1s frecuentes que recibimos de nuestros clientes. Si no encuentra la informaci\u00f3n que busca, no dude en ponerse en contacto con nosotros directamente. \u00bfCon qu\u00e9 tipo de empresas trabajan? Trabajamos principalmente con peque\u00f1as y medianas empresas (PYME), nuevas empresas y asociaciones con sede en Suiza. Nuestras soluciones son [...]<\/p>","protected":false},"author":1,"featured_media":0,"parent":0,"menu_order":0,"comment_status":"closed","ping_status":"closed","template":"elementor_header_footer","meta":{"footnotes":""},"class_list":["post-384","page","type-page","status-publish","hentry"],"_links":{"self":[{"href":"https:\/\/mega-era.ch\/es\/wp-json\/wp\/v2\/pages\/384","targetHints":{"allow":["GET"]}}],"collection":[{"href":"https:\/\/mega-era.ch\/es\/wp-json\/wp\/v2\/pages"}],"about":[{"href":"https:\/\/mega-era.ch\/es\/wp-json\/wp\/v2\/types\/page"}],"author":[{"embeddable":true,"href":"https:\/\/mega-era.ch\/es\/wp-json\/wp\/v2\/users\/1"}],"replies":[{"embeddable":true,"href":"https:\/\/mega-era.ch\/es\/wp-json\/wp\/v2\/comments?post=384"}],"version-history":[{"count":26,"href":"https:\/\/mega-era.ch\/es\/wp-json\/wp\/v2\/pages\/384\/revisions"}],"predecessor-version":[{"id":729,"href":"https:\/\/mega-era.ch\/es\/wp-json\/wp\/v2\/pages\/384\/revisions\/729"}],"wp:attachment":[{"href":"https:\/\/mega-era.ch\/es\/wp-json\/wp\/v2\/media?parent=384"}],"curies":[{"name":"wp","href":"https:\/\/api.w.org\/{rel}","templated":true}]}}